{"id":2724,"date":"2023-08-03T14:22:12","date_gmt":"2023-08-03T12:22:12","guid":{"rendered":"https:\/\/ferienwohnungen-deidesheim.de\/?page_id=2724"},"modified":"2025-01-13T18:17:49","modified_gmt":"2025-01-13T16:17:49","slug":"wohnung-csr28-krautinsel","status":"publish","type":"page","link":"https:\/\/belisima-apartments.de\/de\/wohnung-csr28-krautinsel\/","title":{"rendered":"CSR28 &#8211; Krautinsel"},"content":{"rendered":"<h2>Schicke Wohnung mit Blick auf den Chiemsee<\/h2>\n<div class=\"row\">\n<div class=\"col-md-6\">\n<p style=\"text-align: left;\">Diese moderne Wohnung bietet Platz f\u00fcr bis zu 7 Personen.<\/p>\n<p style=\"text-align: left;\">Die gut ausgestattete K\u00fcche bietet alles was man zur Zubereitung leckerer Mahlzeiten ben\u00f6tigt. 4 Ceran-Kochplatten, Backofen, Mikrowelle, Sp\u00fcle, K\u00fchlschrank und Sp\u00fclmaschine geh\u00f6ren hier zu Grundausstattung.<\/p>\n<p style=\"text-align: left;\">Im gem\u00fctlichen Wohnbereich mit zwei Schlaf-Sofas kann man wunderbar die Seele baumeln und den Tag ausklingen lassen.<\/p>\n<p style=\"text-align: left;\">Einen Platz zum Arbeiten mit Schreibtisch und Schreibtischlampe findet man ebenfalls.<\/p>\n<p style=\"text-align: left;\">Die beiden bequemen Einzelboxspringbetten lassen sich nahtlos zum 1,60m breiten Doppelbett verbinden.<\/p>\n<p style=\"text-align: left;\">Es gibt genug Stauraum um Kleidung usw. aufzuh\u00e4ngen und zu verstauen.<\/p>\n<p style=\"text-align: left;\">Das Bad bietet eine Dusche und einen Wasch-Trockner.<\/p>\n<\/div>\n<div class=\"col-md-6\">\r\n\t\t\t\t\t\n\r\n\t\t\t\t\t<!-- START UNITE GALLERY 1.7.62 -->\r\n\t\t\t\t\t\r\n\t\t\t\t\n\t\t\t<div id='unitegallery_13_1' class='unite-gallery' style='margin:0px auto;'>\n\t\t\t\t\n\n\t\t\t\t\t\t<img alt=\"CSR28 - 01 - Balkon Lounge\"\n\t\t\t\t\t\t     src=\"\" data-image=\"https:\/\/belisima-apartments.de\/wp-content\/uploads\/2024\/12\/CSR28-01-Balkon-Lounge-scaled.jpg\"\n\t\t\t\t\t\t     data-thumb=\"https:\/\/belisima-apartments.de\/wp-content\/uploads\/2024\/12\/CSR28-01-Balkon-Lounge-300x225.jpg\"\n\t\t\t\t\t\t     title=\"\"\n\t\t\t\t\t\t     style=\"display:none\">\n\n\t\t\t\t\t\t<img alt=\"CSR28 - 02 - SZ gelb\"\n\t\t\t\t\t\t     src=\"\" data-image=\"https:\/\/belisima-apartments.de\/wp-content\/uploads\/2024\/12\/CSR28-02-SZ-gelb-scaled.jpg\"\n\t\t\t\t\t\t     data-thumb=\"https:\/\/belisima-apartments.de\/wp-content\/uploads\/2024\/12\/CSR28-02-SZ-gelb-300x225.jpg\"\n\t\t\t\t\t\t     title=\"\"\n\t\t\t\t\t\t     style=\"display:none\">\n\n\t\t\t\t\t\t<img alt=\"CSR28 - 05 - SZ gelb - Radio\"\n\t\t\t\t\t\t     src=\"\" data-image=\"https:\/\/belisima-apartments.de\/wp-content\/uploads\/2024\/12\/CSR28-05-SZ-gelb-Radio-scaled.jpg\"\n\t\t\t\t\t\t     data-thumb=\"https:\/\/belisima-apartments.de\/wp-content\/uploads\/2024\/12\/CSR28-05-SZ-gelb-Radio-225x300.jpg\"\n\t\t\t\t\t\t     title=\"\"\n\t\t\t\t\t\t     style=\"display:none\">\n\n\t\t\t\t\t\t<img alt=\"CSR28 - 06 - SZ gelb - Arbeitsplatz\"\n\t\t\t\t\t\t     src=\"\" data-image=\"https:\/\/belisima-apartments.de\/wp-content\/uploads\/2024\/12\/CSR28-06-SZ-gelb-Arbeitsplatz-scaled.jpg\"\n\t\t\t\t\t\t     data-thumb=\"https:\/\/belisima-apartments.de\/wp-content\/uploads\/2024\/12\/CSR28-06-SZ-gelb-Arbeitsplatz-225x300.jpg\"\n\t\t\t\t\t\t     title=\"\"\n\t\t\t\t\t\t     style=\"display:none\">\n\n\t\t\t\t\t\t<img alt=\"CSR28 - 08 - SZ blau\"\n\t\t\t\t\t\t     src=\"\" data-image=\"https:\/\/belisima-apartments.de\/wp-content\/uploads\/2024\/12\/CSR28-08-SZ-blau.jpg\"\n\t\t\t\t\t\t     data-thumb=\"https:\/\/belisima-apartments.de\/wp-content\/uploads\/2024\/12\/CSR28-08-SZ-blau-225x300.jpg\"\n\t\t\t\t\t\t     title=\"\"\n\t\t\t\t\t\t     style=\"display:none\">\n\n\t\t\t\t\t\t<img alt=\"CSR28 - 09 - SZ blau\"\n\t\t\t\t\t\t     src=\"\" data-image=\"https:\/\/belisima-apartments.de\/wp-content\/uploads\/2024\/12\/CSR28-09-SZ-blau-scaled.jpg\"\n\t\t\t\t\t\t     data-thumb=\"https:\/\/belisima-apartments.de\/wp-content\/uploads\/2024\/12\/CSR28-09-SZ-blau-227x300.jpg\"\n\t\t\t\t\t\t     title=\"\"\n\t\t\t\t\t\t     style=\"display:none\">\n\n\t\t\t\t\t\t<img alt=\"CSR28 - 10 - Wohnzimmer\"\n\t\t\t\t\t\t     src=\"\" data-image=\"https:\/\/belisima-apartments.de\/wp-content\/uploads\/2024\/12\/CSR28-10-Wohnzimmer-scaled.jpg\"\n\t\t\t\t\t\t     data-thumb=\"https:\/\/belisima-apartments.de\/wp-content\/uploads\/2024\/12\/CSR28-10-Wohnzimmer-300x225.jpg\"\n\t\t\t\t\t\t     title=\"\"\n\t\t\t\t\t\t     style=\"display:none\">\n\n\t\t\t\t\t\t<img alt=\"CSR28 - 12 - Wohnzimmer\"\n\t\t\t\t\t\t     src=\"\" data-image=\"https:\/\/belisima-apartments.de\/wp-content\/uploads\/2024\/12\/CSR28-12-Wohnzimmer-scaled.jpg\"\n\t\t\t\t\t\t     data-thumb=\"https:\/\/belisima-apartments.de\/wp-content\/uploads\/2024\/12\/CSR28-12-Wohnzimmer-300x225.jpg\"\n\t\t\t\t\t\t     title=\"\"\n\t\t\t\t\t\t     style=\"display:none\">\n\n\t\t\t\t\t\t<img alt=\"CSR28 - 14 - Essplatz\"\n\t\t\t\t\t\t     src=\"\" data-image=\"https:\/\/belisima-apartments.de\/wp-content\/uploads\/2024\/12\/CSR28-14-Essplatz-scaled.jpg\"\n\t\t\t\t\t\t     data-thumb=\"https:\/\/belisima-apartments.de\/wp-content\/uploads\/2024\/12\/CSR28-14-Essplatz-300x225.jpg\"\n\t\t\t\t\t\t     title=\"\"\n\t\t\t\t\t\t     style=\"display:none\">\n\n\t\t\t\t\t\t<img alt=\"CSR28 - 15 - Essplatz - Kinderstuhl\"\n\t\t\t\t\t\t     src=\"\" data-image=\"https:\/\/belisima-apartments.de\/wp-content\/uploads\/2024\/12\/CSR28-15-Essplatz-Kinderstuhl.jpg\"\n\t\t\t\t\t\t     data-thumb=\"https:\/\/belisima-apartments.de\/wp-content\/uploads\/2024\/12\/CSR28-15-Essplatz-Kinderstuhl-225x300.jpg\"\n\t\t\t\t\t\t     title=\"\"\n\t\t\t\t\t\t     style=\"display:none\">\n\n\t\t\t\t\t\t<img alt=\"CSR28 - 17 - K\u00fcche\"\n\t\t\t\t\t\t     src=\"\" data-image=\"https:\/\/belisima-apartments.de\/wp-content\/uploads\/2024\/12\/CSR28-17-Kueche-scaled.jpg\"\n\t\t\t\t\t\t     data-thumb=\"https:\/\/belisima-apartments.de\/wp-content\/uploads\/2024\/12\/CSR28-17-Kueche-300x225.jpg\"\n\t\t\t\t\t\t     title=\"\"\n\t\t\t\t\t\t     style=\"display:none\">\n\n\t\t\t\t\t\t<img alt=\"CSR28 - 18 - K\u00fcche - Mikrowelle\"\n\t\t\t\t\t\t     src=\"\" data-image=\"https:\/\/belisima-apartments.de\/wp-content\/uploads\/2024\/12\/CSR28-18-Kueche-Mikrowelle.jpg\"\n\t\t\t\t\t\t     data-thumb=\"https:\/\/belisima-apartments.de\/wp-content\/uploads\/2024\/12\/CSR28-18-Kueche-Mikrowelle-300x193.jpg\"\n\t\t\t\t\t\t     title=\"\"\n\t\t\t\t\t\t     style=\"display:none\">\n\n\t\t\t\t\t\t<img alt=\"CSR28 - 19 - Bad\"\n\t\t\t\t\t\t     src=\"\" data-image=\"https:\/\/belisima-apartments.de\/wp-content\/uploads\/2024\/12\/CSR28-19-Bad-scaled.jpg\"\n\t\t\t\t\t\t     data-thumb=\"https:\/\/belisima-apartments.de\/wp-content\/uploads\/2024\/12\/CSR28-19-Bad-225x300.jpg\"\n\t\t\t\t\t\t     title=\"\"\n\t\t\t\t\t\t     style=\"display:none\">\n\n\t\t\t\t\t\t<img alt=\"CSR28 - 20 - Bad\"\n\t\t\t\t\t\t     src=\"\" data-image=\"https:\/\/belisima-apartments.de\/wp-content\/uploads\/2024\/12\/CSR28-20-Bad-scaled.jpg\"\n\t\t\t\t\t\t     data-thumb=\"https:\/\/belisima-apartments.de\/wp-content\/uploads\/2024\/12\/CSR28-20-Bad-300x225.jpg\"\n\t\t\t\t\t\t     title=\"\"\n\t\t\t\t\t\t     style=\"display:none\">\n\n\t\t\t\t\t\t<img alt=\"CSR28 - 21 - Bad\"\n\t\t\t\t\t\t     src=\"\" data-image=\"https:\/\/belisima-apartments.de\/wp-content\/uploads\/2024\/12\/CSR28-21-Bad-scaled.jpg\"\n\t\t\t\t\t\t     data-thumb=\"https:\/\/belisima-apartments.de\/wp-content\/uploads\/2024\/12\/CSR28-21-Bad-225x300.jpg\"\n\t\t\t\t\t\t     title=\"\"\n\t\t\t\t\t\t     style=\"display:none\">\n\n\t\t\t\t\t\t<img alt=\"CSR28 - 22 - Bad\"\n\t\t\t\t\t\t     src=\"\" data-image=\"https:\/\/belisima-apartments.de\/wp-content\/uploads\/2024\/12\/CSR28-22-Bad.jpg\"\n\t\t\t\t\t\t     data-thumb=\"https:\/\/belisima-apartments.de\/wp-content\/uploads\/2024\/12\/CSR28-22-Bad-225x300.jpg\"\n\t\t\t\t\t\t     title=\"\"\n\t\t\t\t\t\t     style=\"display:none\">\n\n\t\t\t\t\t\t<img alt=\"CSR28 - 23 - Balkon Essplatz\"\n\t\t\t\t\t\t     src=\"\" data-image=\"https:\/\/belisima-apartments.de\/wp-content\/uploads\/2024\/12\/CSR28-23-Balkon-Essplatz-scaled.jpg\"\n\t\t\t\t\t\t     data-thumb=\"https:\/\/belisima-apartments.de\/wp-content\/uploads\/2024\/12\/CSR28-23-Balkon-Essplatz-300x225.jpg\"\n\t\t\t\t\t\t     title=\"\"\n\t\t\t\t\t\t     style=\"display:none\">\n\n\t\t\t\t\t\t<img alt=\"CSR28 - 26 - Balkon Lounge\"\n\t\t\t\t\t\t     src=\"\" data-image=\"https:\/\/belisima-apartments.de\/wp-content\/uploads\/2024\/12\/CSR28-26-Balkon-Lounge-scaled.jpg\"\n\t\t\t\t\t\t     data-thumb=\"https:\/\/belisima-apartments.de\/wp-content\/uploads\/2024\/12\/CSR28-26-Balkon-Lounge-225x300.jpg\"\n\t\t\t\t\t\t     title=\"\"\n\t\t\t\t\t\t     style=\"display:none\">\n\n\t\t\t\t\t\t<img alt=\"CSR28 - 28 - Flur\"\n\t\t\t\t\t\t     src=\"\" data-image=\"https:\/\/belisima-apartments.de\/wp-content\/uploads\/2024\/12\/CSR28-28-Flur.jpg\"\n\t\t\t\t\t\t     data-thumb=\"https:\/\/belisima-apartments.de\/wp-content\/uploads\/2024\/12\/CSR28-28-Flur-225x300.jpg\"\n\t\t\t\t\t\t     title=\"\"\n\t\t\t\t\t\t     style=\"display:none\">\n\n\t\t\t\t\t\t<img alt=\"CSR28 - 31 - Garage\"\n\t\t\t\t\t\t     src=\"\" data-image=\"https:\/\/belisima-apartments.de\/wp-content\/uploads\/2024\/12\/CSR28-31-Garage.jpg\"\n\t\t\t\t\t\t     data-thumb=\"https:\/\/belisima-apartments.de\/wp-content\/uploads\/2024\/12\/CSR28-31-Garage-300x225.jpg\"\n\t\t\t\t\t\t     title=\"\"\n\t\t\t\t\t\t     style=\"display:none\">\n\t\t\t<\/div>\n\n\t\t\t<script type='text\/javascript'>\n\t\t\t\twindow.onload = function(e) {\n\t\t\t\t\tif(typeof ugCheckForErrors == \"undefined\"){\n\t\t\t\t\t\tdocument.getElementById(\"unitegallery_13_1\").innerHTML = \"<span style='color:red'>Unite Gallery Error - gallery js and css files not included in the footer. Please make sure that wp_footer() function is added to your theme.<\/span>\";}\n\t\t\t\t\telse{ ugCheckForErrors(\"unitegallery_13_1\", \"jquery\");}\n\t\t\t\t};\n\t\t\t<\/script>\n\n\t\t\t<!-- END UNITEGALLERY --><\/div>\n<\/div>\n<p>&nbsp;<\/p>\n<div class=\"row\">\n<div class=\"col-md-6\">\n<h3>Grundriss<\/h3>\n<div class=\"row\">\n<div class=\"col-md-6\">\n<img loading=\"lazy\" decoding=\"async\" class=\"wp-image-512 size-large alignnone\" src=\"https:\/\/belisima-apartments.de\/wp-content\/uploads\/2025\/01\/CSR28-35-Grundriss-1.jpg\" alt=\"\" width=\"750\" height=\"563\" \/>\n<\/div>\n<div class=\"col-md-6\">\n<img loading=\"lazy\" decoding=\"async\" class=\"wp-image-512 size-large alignnone\" src=\"https:\\\/\\\/belisima-apartments.de\/\/belisima-apartments.de\/\/belisima-apartments.de\/wp-content\/uploads\/2024\/06\/M24-Grundriss-Einzelbetten.jpg\" alt=\"\" width=\"750\" height=\"563\" \/>\n<\/div>\n<\/div>\n<h3>Chiemseeinsel Krautinsel<\/h3>\n<p>Die Krautinsel gibt unserer Ferienwohnung den Namen. Sie liegt zwischen Fraueninsel und Herreninsel und ist die kleinste der drei Chiemsee-Binnenseeinseln. Den Namen Krautinsel bekam die Insel, weil dort im Mittelalter Kraut (bairisch f\u00fcr \u201eKohl\u201c) angebaut wurden.<\/p>\n<h3>Akuelle Belegung<\/h3>\n<div id=\"smoobuApartment2345793de\" class=\"calendarWidget\">\n<div class=\"calendarContent\" data-load-calendar-url=\"https:\/\/login.smoobu.com\/de\/cockpit\/widget\/single-calendar\/2345793\" data-verification=\"fc966d14084cf884b33b68687394e30bb7af525e0144676a2be16adc94cc91d8\" data-baseUrl=\"https:\/\/login.smoobu.com\" data-disable-css=\"false\" ><\/div>\n<p> <script type=\"text\/javascript\" src=\"https:\/\/login.smoobu.com\/js\/Apartment\/CalendarWidget.js\"><\/script>\n<\/div>\n<h3>Facts<\/h3>\n<ul>\n<li>3-Zimmer Wohnung im 2. OG<\/li>\n<li>Wohnfl\u00e4che ca. 60 m\u00b2\n<\/li>\n<li>1x Tiefgaragen-Stellplatz<\/li>\n<li>Entfernungen\n<ul>\n<li>B\u00e4cker (Jim &#038; Joe) 250 m<\/li>\n<li>B\u00e4cker (Rupp) 250 m<\/li>\n<li>Italienisches Restaurant (Casa da Peppe) 250 m<\/li>\n<li>Supermarkt (Edeka) 800 m<\/li>\n<li>Chiemsee 1000 m<\/li>\n<\/ul>\n<\/li>\n<\/ul>\n<h3>Ausstattung<\/h3>\n<ul>\n<li>Schlafzimmer gelb &amp; Arbeitsbereich\n<ul>\n<li>Bett 2x 80 x 200 oder 1x 160 x 200<\/li>\n<li>Schreibtisch<\/li>\n<li>Kommode<\/li>\n<\/ul>\n<\/li>\n<li>Schlafzimmer blau\n<ul>\n<li>Stock-Bett unten 140 x 200<\/li>\n<li>Stock-Bett oben 90 x 200<\/li>\n<li>Kommode<\/li>\n<\/ul>\n<\/li>\n<li>Wohnbereich\n<ul>\n<li>2x Schlafsofa mit 80 x 200 Liegefl\u00e4che<\/li>\n<li>55\u201c HD Smart-TV<\/li>\n<\/ul>\n<\/li>\n<li>Koch- &amp; Essbereich\n<ul>\n<li>4-fach Ceran-Kochfeld<\/li>\n<li>K\u00fchlschrank mit Eisfach<\/li>\n<li>Sp\u00fclmaschine<\/li>\n<li>Ofen<\/li>\n<li>Mikrowelle<\/li>\n<li>Kaffeemaschine<\/li>\n<li>Wasserkocher<\/li>\n<li>Toaster<\/li>\n<li>Kochutensilien<\/li>\n<li>Gl\u00e4ser, Geschirr + Besteck<\/li>\n<li>Staubsauger<\/li>\n<\/ul>\n<\/li>\n<li>Bad\n<ul>\n<li>Dusche<\/li>\n<li>WC<\/li>\n<li>F\u00f6hn<\/li>\n<li>Wasch-Trockner<\/li>\n<\/ul>\n<li>Balkon 1\n<ul>\n<li>Essplatz f\u00fcr 7 Personen<\/li>\n<\/ul>\n<li>Balkon 2\n<ul>\n<li>Lounge-M\u00f6bel f\u00fcr 4 Personen<\/li>\n<\/ul>\n<\/ul>\n<h3>Preise<\/h3>\n<p>Folgende Leistungen sind bei uns kostenlos:<\/p>\n<p>&#8211; inkl. WLAN<br \/>\n&#8211; inkl. Stellplatz<br \/>\n&#8211; inkl. Bettzeug<br \/>\n&#8211; inkl. Handt\u00fccher<\/p>\n<p>zzgl. 1x Endreinigung *:\u00a0\u00a0\u00a0\u00a0\u00a0\u00a0\u00a0\u00a0<strong>100 \u20ac<\/strong><\/p>\n<p>Unsere Wohnungen sind optimal f\u00fcr 2 Erwachsene ausgelegt.<br \/>\nF\u00fcr jeden weiteren \u00dcbernachtungsgast berechnen wir 10 \u20ac pro Nacht.<\/p>\n<p><strong>Hinweis<\/strong><br \/>\nRimsting erhebt einen<br \/>\n<strong>G\u00e4stebeitrag in H\u00f6he von 2,00 \u20ac pro Person pro \u00dcbernachtung.<\/strong><br \/>\nDer Gastgeber ist verpflichtet diesen zu kassieren und abzuf\u00fchren.<\/p>\n<p><strong>L\u00e4nger bleiben lohnt sich<\/strong><br \/>\nSparen Sie 3 &#8211; 14 % auf den jeweiligen \u00dcbernachtungspreis f\u00fcr 3 &#8211; 14 \u00dcbernachtungen!\n<\/div>\n<div class=\"col-md-6\">\n<div class=\"row\">\n<div class=\"col-md-12\">\n<h3>Sichern Sie sich jetzt den besten Preis!<\/h3>\n<div id=\"apartmentIframe2345793\">\n<script type=\"text\/javascript\" src=\"https:\/\/login.smoobu.com\/js\/Settings\/BookingToolIframe.js\"><\/script><br \/>\n<script>BookingToolIframe.initialize({\"url\": \"https:\/\/login.smoobu.com\/de\/booking-tool\/iframe\/134187\/2345793?newTabAfterSearch=true\", \"baseUrl\": \"https:\/\/login.smoobu.com\", \"target\": \"#apartmentIframe2345793\"})<\/script>\n<\/div>\n<\/div>\n<\/div>\n","protected":false},"excerpt":{"rendered":"<p>3 Zi-Wohnung<br \/>\n60 m\u00b2 \/ 2-7 Personen<\/p>\n","protected":false},"author":2,"featured_media":2881,"parent":0,"menu_order":0,"comment_status":"closed","ping_status":"closed","template":"","meta":{"footnotes":""},"class_list":["post-2724","page","type-page","status-publish","has-post-thumbnail","hentry"],"aioseo_notices":[],"_links":{"self":[{"href":"https:\/\/belisima-apartments.de\/de\/wp-json\/wp\/v2\/pages\/2724","targetHints":{"allow":["GET"]}}],"collection":[{"href":"https:\/\/belisima-apartments.de\/de\/wp-json\/wp\/v2\/pages"}],"about":[{"href":"https:\/\/belisima-apartments.de\/de\/wp-json\/wp\/v2\/types\/page"}],"author":[{"embeddable":true,"href":"https:\/\/belisima-apartments.de\/de\/wp-json\/wp\/v2\/users\/2"}],"replies":[{"embeddable":true,"href":"https:\/\/belisima-apartments.de\/de\/wp-json\/wp\/v2\/comments?post=2724"}],"version-history":[{"count":27,"href":"https:\/\/belisima-apartments.de\/de\/wp-json\/wp\/v2\/pages\/2724\/revisions"}],"predecessor-version":[{"id":3280,"href":"https:\/\/belisima-apartments.de\/de\/wp-json\/wp\/v2\/pages\/2724\/revisions\/3280"}],"wp:featuredmedia":[{"embeddable":true,"href":"https:\/\/belisima-apartments.de\/de\/wp-json\/wp\/v2\/media\/2881"}],"wp:attachment":[{"href":"https:\/\/belisima-apartments.de\/de\/wp-json\/wp\/v2\/media?parent=2724"}],"curies":[{"name":"wp","href":"https:\/\/api.w.org\/{rel}","templated":true}]}}