{"id":2703,"date":"2023-05-10T10:24:53","date_gmt":"2023-05-10T08:24:53","guid":{"rendered":"https:\/\/ferienwohnungen-deidesheim.de\/?page_id=2703"},"modified":"2025-02-27T15:37:52","modified_gmt":"2025-02-27T13:37:52","slug":"agb","status":"publish","type":"page","link":"https:\/\/belisima-apartments.de\/de\/agb\/","title":{"rendered":"AGB"},"content":{"rendered":"<p style=\"text-align: center;\">Unsere AGB (Allgemeine Gesch\u00e4ftsbedingungen) kannst Du hier als PDF herunterladen:<\/p>\n<p style=\"text-align: center;\"><strong><a href=\"https:\/\/belisima-apartments.de\/wp-content\/uploads\/2025\/02\/Belisima-Apartments-AGB.pdf\" title=\"AGB\" rel=\"noopener\" target=\"_blank\">AGB<\/a><\/strong><\/p>\n<p style=\"text-align: center;\">&#8212;&#8212;&#8212;&#8212;&#8212;&#8212;&#8212;&#8212;&#8212;-<\/p>\n<p style=\"text-align: center;\"><strong>Stornierungsbedingungen<\/strong><\/p>\n<p style=\"text-align: center;\">Solltest Du Deine Reise nicht antreten k\u00f6nnen, bitten wir Dich uns rechtzeitig dar\u00fcber zu informieren, da wir als kleiner Familienbetrieb einen gewissen Vorlauf ben\u00f6tigen, um unsere Wohnungen zu vermieten.<\/p>\n<p style=\"text-align: center;\">Wir versuchen selbstverst\u00e4ndlich, die Wohnung anderweitig zu vermieten. Sollte uns dies, zumindest teilweise, gelingen, ziehen wir das nat\u00fcrlich von den Stornierungskosten ab, sodass im Idealfall gar keine f\u00fcr Dich anfallen.<\/p>\n<p style=\"text-align: center;\">Ansonsten gelten folgende Bedingungen:<\/p>\n<p style=\"text-align: center;\">Bis <b>4 Wochen<\/b> vor Reisebeginn kannst Du bei uns <b>kostenfrei<\/b> stornieren.<\/p>\n<p style=\"text-align: center;\">Bis <b>1 Woche<\/b> vor Reisebeginn\u00a0berechnen wir <b>5<\/b><b>0% der reinen \u00dcbernachtungskosten<\/b>, d.h. ohne Endreinigung und G\u00e4stebeitrag.<\/p>\n<p style=\"text-align: center;\">Bei <b>weniger als einer Woche<\/b> vor Reisebeginn berechnen wir <b>100% der reinen \u00dcbernachtungskosten<\/b>, d.h. ohne Endreinigung und G\u00e4stebeitrag.<\/p>\n<p style=\"text-align: center;\">Wir bitten um Dein Verst\u00e4ndnis und hoffen, dass wir davon keinen Gebrauch machen m\u00fcssen.<\/p>\n","protected":false},"excerpt":{"rendered":"<p>Stornierungsbedingungen<\/p>\n","protected":false},"author":2,"featured_media":0,"parent":0,"menu_order":0,"comment_status":"closed","ping_status":"closed","template":"","meta":{"footnotes":""},"class_list":["post-2703","page","type-page","status-publish","hentry"],"aioseo_notices":[],"_links":{"self":[{"href":"https:\/\/belisima-apartments.de\/de\/wp-json\/wp\/v2\/pages\/2703","targetHints":{"allow":["GET"]}}],"collection":[{"href":"https:\/\/belisima-apartments.de\/de\/wp-json\/wp\/v2\/pages"}],"about":[{"href":"https:\/\/belisima-apartments.de\/de\/wp-json\/wp\/v2\/types\/page"}],"author":[{"embeddable":true,"href":"https:\/\/belisima-apartments.de\/de\/wp-json\/wp\/v2\/users\/2"}],"replies":[{"embeddable":true,"href":"https:\/\/belisima-apartments.de\/de\/wp-json\/wp\/v2\/comments?post=2703"}],"version-history":[{"count":4,"href":"https:\/\/belisima-apartments.de\/de\/wp-json\/wp\/v2\/pages\/2703\/revisions"}],"predecessor-version":[{"id":3291,"href":"https:\/\/belisima-apartments.de\/de\/wp-json\/wp\/v2\/pages\/2703\/revisions\/3291"}],"wp:attachment":[{"href":"https:\/\/belisima-apartments.de\/de\/wp-json\/wp\/v2\/media?parent=2703"}],"curies":[{"name":"wp","href":"https:\/\/api.w.org\/{rel}","templated":true}]}}